{"id":38048,"date":"2022-07-22T15:29:15","date_gmt":"2022-07-22T15:29:15","guid":{"rendered":"https:\/\/theme-dev.cmsmasters.net\/mental-care\/?page_id=38048"},"modified":"2025-05-25T10:48:20","modified_gmt":"2025-05-25T10:48:20","slug":"about-us","status":"publish","type":"page","link":"https:\/\/ainsamkeit.de\/?page_id=38048","title":{"rendered":"About Us\u00a0"},"content":{"rendered":"\t\t<div data-elementor-type=\"wp-page\" data-elementor-id=\"38048\" class=\"elementor elementor-38048\">\n\t\t\t\t<div class=\"elementor-element elementor-element-22d36ef e-flex e-con-boxed cmsmasters-block-default e-con e-parent\" data-id=\"22d36ef\" data-element_type=\"container\">\n\t\t\t\t\t<div class=\"e-con-inner\">\n\t\t<div class=\"elementor-element elementor-element-1459472 e-con-full e-flex cmsmasters-bg-hide-none cmsmasters-bg-hide-none cmsmasters-block-default e-con e-child\" data-id=\"1459472\" data-element_type=\"container\" data-settings=\"{&quot;background_background&quot;:&quot;classic&quot;}\">\n\t\t\t\t<div class=\"elementor-element elementor-element-7109bfc cmsmasters-block-default cmsmasters-sticky-default elementor-widget elementor-widget-spacer\" data-id=\"7109bfc\" data-element_type=\"widget\" data-widget_type=\"spacer.default\">\n\t\t\t\t<div class=\"elementor-widget-container\">\n\t\t\t\t\t\t\t<div class=\"elementor-spacer\">\n\t\t\t<div class=\"elementor-spacer-inner\"><\/div>\n\t\t<\/div>\n\t\t\t\t\t\t<\/div>\n\t\t\t\t<\/div>\n\t\t\t\t<\/div>\n\t\t<div class=\"elementor-element elementor-element-92eb2d4 e-con-full e-flex cmsmasters-block-default e-con e-child\" data-id=\"92eb2d4\" data-element_type=\"container\" data-settings=\"{&quot;background_background&quot;:&quot;classic&quot;}\">\n\t\t\t\t<div class=\"elementor-element elementor-element-299c6f0 cmsmasters-block-default cmsmasters-sticky-default elementor-widget elementor-widget-heading\" data-id=\"299c6f0\" data-element_type=\"widget\" data-widget_type=\"heading.default\">\n\t\t\t\t<div class=\"elementor-widget-container\">\n\t\t\t\t\t<h6 class=\"elementor-heading-title elementor-size-default\">\u00dcber uns<\/h6>\t\t\t\t<\/div>\n\t\t\t\t<\/div>\n\t\t\t\t<div class=\"elementor-element elementor-element-4e3b429 cmsmasters-block-default cmsmasters-sticky-default elementor-widget elementor-widget-heading\" data-id=\"4e3b429\" data-element_type=\"widget\" data-widget_type=\"heading.default\">\n\t\t\t\t<div class=\"elementor-widget-container\">\n\t\t\t\t\t<h2 class=\"elementor-heading-title elementor-size-default\">Wer ist <strong style=\"font-style: italic; font-weight: 500\">AInsamkeit?<\/strong><\/h2>\t\t\t\t<\/div>\n\t\t\t\t<\/div>\n\t\t\t\t<div class=\"elementor-element elementor-element-783fc04 cmsmasters-block-default cmsmasters-sticky-default elementor-widget elementor-widget-text-editor\" data-id=\"783fc04\" data-element_type=\"widget\" data-widget_type=\"text-editor.default\">\n\t\t\t\t<div class=\"elementor-widget-container\">\n\t\t\t\t\t\t\t\t\t<p data-start=\"151\" data-end=\"574\">AInsamkeit wurde aus einem einfachen Wunsch geboren: Niemand soll sich mit seinen Gedanken und Gef\u00fchlen allein gelassen f\u00fchlen.<br data-start=\"278\" data-end=\"281\" \/>Unser Chatbot ist kein klassisches Therapieangebot \u2013 sondern ein digitaler Begleiter, der rund um die Uhr f\u00fcr dich da ist.<br data-start=\"403\" data-end=\"406\" \/>Ob in Momenten der \u00dcberforderung, in stillen N\u00e4chten oder einfach zwischendurch: AInsamkeit h\u00f6rt zu, fragt nach und st\u00e4rkt dich \u2013 anonym, empathisch und ohne Bewertung.<\/p><p data-start=\"576\" data-end=\"784\">Wir glauben daran, dass emotionale Unterst\u00fctzung nicht kompliziert oder teuer sein muss. Mit modernen KI-Methoden und einem tiefen Verst\u00e4ndnis f\u00fcr mentale Belastungen begleiten wir dich \u2013 Schritt f\u00fcr Schritt.<\/p><p data-start=\"786\" data-end=\"862\"><strong data-start=\"786\" data-end=\"862\">AInsamkeit. Weil Zuh\u00f6ren manchmal der erste Schritt zur Ver\u00e4nderung ist.<\/strong><\/p>\t\t\t\t\t\t\t\t<\/div>\n\t\t\t\t<\/div>\n\t\t\t\t<\/div>\n\t\t\t\t\t<\/div>\n\t\t\t\t<\/div>\n\t\t<div class=\"elementor-element elementor-element-6a63b88 e-flex e-con-boxed cmsmasters-block-default e-con e-parent\" data-id=\"6a63b88\" data-element_type=\"container\">\n\t\t\t\t\t<div class=\"e-con-inner\">\n\t\t<div class=\"elementor-element elementor-element-4ee0d8d e-con-full e-flex cmsmasters-block-default e-con e-child\" data-id=\"4ee0d8d\" data-element_type=\"container\">\n\t\t\t\t<div class=\"elementor-element elementor-element-9d6f0da cmsmasters-block-default cmsmasters-sticky-default elementor-widget elementor-widget-heading\" data-id=\"9d6f0da\" data-element_type=\"widget\" data-widget_type=\"heading.default\">\n\t\t\t\t<div class=\"elementor-widget-container\">\n\t\t\t\t\t<h2 class=\"elementor-heading-title elementor-size-default\">Unser Versprechen<\/h2>\t\t\t\t<\/div>\n\t\t\t\t<\/div>\n\t\t\t\t<div class=\"elementor-element elementor-element-68e9e5e cmsmasters-block-default cmsmasters-sticky-default elementor-widget elementor-widget-text-editor\" data-id=\"68e9e5e\" data-element_type=\"widget\" data-widget_type=\"text-editor.default\">\n\t\t\t\t<div class=\"elementor-widget-container\">\n\t\t\t\t\t\t\t\t\t<p data-start=\"680\" data-end=\"812\">\u201eDu musst nicht warten, bis jemand Zeit hat.<br data-start=\"724\" data-end=\"727\" \/>Du musst nicht erkl\u00e4ren, warum du dich so f\u00fchlst.<br data-start=\"778\" data-end=\"781\" \/>Du darfst einfach loslegen.<\/p><p data-start=\"680\" data-end=\"812\"><em>AInsamkeit ist da \u2013 wenn du bereit bist zu reden.\u201c<\/em><\/p><p data-start=\"680\" data-end=\"812\"><strong>\u2013 Das Team hinter AInsamkeit<\/strong><\/p>\t\t\t\t\t\t\t\t<\/div>\n\t\t\t\t<\/div>\n\t\t\t\t<\/div>\n\t\t<div class=\"elementor-element elementor-element-bd84618 e-con-full e-flex cmsmasters-bg-hide-none cmsmasters-bg-hide-none cmsmasters-block-default e-con e-child\" data-id=\"bd84618\" data-element_type=\"container\" data-settings=\"{&quot;background_background&quot;:&quot;classic&quot;}\">\n\t\t\t\t<div class=\"elementor-element elementor-element-98a2529 cmsmasters-block-default cmsmasters-sticky-default elementor-widget elementor-widget-spacer\" data-id=\"98a2529\" data-element_type=\"widget\" data-widget_type=\"spacer.default\">\n\t\t\t\t<div class=\"elementor-widget-container\">\n\t\t\t\t\t\t\t<div class=\"elementor-spacer\">\n\t\t\t<div class=\"elementor-spacer-inner\"><\/div>\n\t\t<\/div>\n\t\t\t\t\t\t<\/div>\n\t\t\t\t<\/div>\n\t\t\t\t<\/div>\n\t\t\t\t\t<\/div>\n\t\t\t\t<\/div>\n\t\t\t\t<\/div>\n\t\t","protected":false},"excerpt":{"rendered":"<p>\u00dcber uns Wer ist AInsamkeit? AInsamkeit wurde aus einem einfachen Wunsch geboren: Niemand soll sich mit seinen Gedanken und Gef\u00fchlen allein gelassen f\u00fchlen.Unser Chatbot ist kein klassisches Therapieangebot \u2013 sondern ein digitaler Begleiter, der rund um die Uhr f\u00fcr dich da ist.Ob in Momenten der \u00dcberforderung, in stillen N\u00e4chten oder einfach zwischendurch: AInsamkeit h\u00f6rt zu,&#8230;<\/p>\n","protected":false},"author":1,"featured_media":0,"parent":0,"menu_order":0,"comment_status":"closed","ping_status":"closed","template":"","meta":{"_acf_changed":false,"footnotes":""},"class_list":["post-38048","page","type-page","status-publish","hentry"],"acf":[],"jetpack_sharing_enabled":true,"_links":{"self":[{"href":"https:\/\/ainsamkeit.de\/index.php?rest_route=\/wp\/v2\/pages\/38048","targetHints":{"allow":["GET"]}}],"collection":[{"href":"https:\/\/ainsamkeit.de\/index.php?rest_route=\/wp\/v2\/pages"}],"about":[{"href":"https:\/\/ainsamkeit.de\/index.php?rest_route=\/wp\/v2\/types\/page"}],"author":[{"embeddable":true,"href":"https:\/\/ainsamkeit.de\/index.php?rest_route=\/wp\/v2\/users\/1"}],"replies":[{"embeddable":true,"href":"https:\/\/ainsamkeit.de\/index.php?rest_route=%2Fwp%2Fv2%2Fcomments&post=38048"}],"version-history":[{"count":5,"href":"https:\/\/ainsamkeit.de\/index.php?rest_route=\/wp\/v2\/pages\/38048\/revisions"}],"predecessor-version":[{"id":39659,"href":"https:\/\/ainsamkeit.de\/index.php?rest_route=\/wp\/v2\/pages\/38048\/revisions\/39659"}],"wp:attachment":[{"href":"https:\/\/ainsamkeit.de\/index.php?rest_route=%2Fwp%2Fv2%2Fmedia&parent=38048"}],"curies":[{"name":"wp","href":"https:\/\/api.w.org\/{rel}","templated":true}]}}